{"id":6754,"date":"2021-08-19T13:43:50","date_gmt":"2021-08-19T13:43:50","guid":{"rendered":"http:\/\/localhost:10009\/summer\/your-ski-chalet-holiday\/whats-included-in-you-ski-holiday-with-chalet-chardons\/"},"modified":"2021-10-13T08:20:48","modified_gmt":"2021-10-13T08:20:48","slug":"whats-included-in-you-ski-holiday-with-chalet-chardons","status":"publish","type":"page","link":"https:\/\/www.chaletchardons.com\/summer\/vos-vacances-a-tignes\/whats-included-in-you-ski-holiday-with-chalet-chardons\/?lang=fr","title":{"rendered":"Ce qui est inclu"},"content":{"rendered":"<h1 class=\"wp-block-heading\">Ce qui est inclus dans vos vacances au ski avec Chalet Chadons<\/h1>\n<h2 class=\"wp-block-heading\">R\u00e9servations avec restauration<\/h2>\n<h3 class=\"wp-block-heading\"><strong><strong>Inclus dans le prix<\/strong><\/strong><\/h3>\n<ul class=\"wp-block-list\">\n<li>Occupation unique de la propri\u00e9t\u00e9<\/li>\n<li>Petit-d\u00e9jeuner tous les jours <\/li>\n<li>Th\u00e9 de l&#8217;apr\u00e8s-midi avec un g\u00e2teau fra\u00eechement sorti du four tous les jours<\/li>\n<li>D\u00eener 4 services six soirs de la semaine \u00e0 Tignes et cinq soirs de la semaine \u00e0 Val d&#8217;Is\u00e8re<\/li>\n<li>Canap\u00e9s et prosecco le premier et le dernier soir<\/li>\n<li>Vin fran\u00e7ais \u00e0 volont\u00e9 au repas du soir<\/li>\n<li>Linge de lit et serviettes<\/li>\n<li>Taxes locales<\/li>\n<li>Service d&#8217;h\u00e9bergement et de nettoyage tout au long de votre s\u00e9jour<\/li>\n<\/ul>\n<h4 class=\"wp-block-heading\"><strong>Restauration<\/strong><\/h4>\n<p>Le petit-d\u00e9jeuner comprend des p\u00e2tisseries fran\u00e7aises fra\u00eechement pr\u00e9par\u00e9es, des baguettes de notre boulangerie locale, des conserves, des yaourts, des fruits et un choix de c\u00e9r\u00e9ales, avec des plats chauds. <\/p>\n<p>Le th\u00e9 de l\u2019apr\u00e8s-midi comprend des g\u00e2teaux fra\u00eechement pr\u00e9par\u00e9s, du caf\u00e9 fra\u00eechement moulu, une s\u00e9lection de th\u00e9s, du chocolat chaud et des jus de fruits.<\/p>\n<p>Le d\u00eener comprend une entr\u00e9e, un plat principal, du pudding et un plateau de fromages pour terminer \u2013 le tout accompagn\u00e9 de vin fran\u00e7ais \u00e0 \u00e9coulement libre!<\/p>\n<p>Le premier et le dernier soir, une r\u00e9ception de prosecco et de canap\u00e9s pr\u00e9c\u00e9dera le d\u00eener.<\/p>\n<p>Des paniers-repas peuvent \u00eatre pr\u00e9-command\u00e9s pour une somme modique chaque jour et seront pr\u00e9par\u00e9s pour la collecte chaque matin.<\/p>\n<p>Toutes les exigences di\u00e9t\u00e9tiques sp\u00e9ciales sont prises en compte. Nous nous engageons \u00e0 faire en sorte que tous nos clients aient la m\u00eame exp\u00e9rience culinaire exceptionnelle. Quels que soient vos besoins alimentaires, nous serons heureux d\u2019en discuter avec vous.<\/p>\n<p>Les enfants peuvent choisir de prendre un repas plus t\u00f4t s\u2019ils le souhaitent.<\/p>\n<p>Une nuit de repos par semaine dans nos chalets de Tignes, et deux nuits de repos par semaine au Chalet Am\u00e9lie, vous donne la possibilit\u00e9 de profiter des fantastiques restaurants locaux propos\u00e9s par la station.<\/p>\n<p>Pour voir un exemple de menu, veuillez visiter notre page&nbsp;<a href=\"https:\/\/www.chaletchardons.com\/summer\/vos-vacances-a-tignes\/food-drink\/?lang=fr\">Nourriture et Boissons<\/a>.<\/p>\n<\/p>\n<h2 class=\"wp-block-heading\">R\u00e9servations sans restauration<\/h2>\n<h3 class=\"wp-block-heading\"><strong><strong>Inclus dans le prix<\/strong><\/strong><\/h3>\n<ul class=\"wp-block-list\">\n<li>Occupation unique de la propri\u00e9t\u00e9<\/li>\n<li>Linge de lit et serviettes<\/li>\n<li>M\u00e9nage d\u00e9but et fin de s\u00e9jour<\/li>\n<li>\u00c9quipe de service \u00e0 la client\u00e8le en station et \u00e9quipe de maintenance sur appel<\/li>\n<li>Panier de bienvenue avec une vari\u00e9t\u00e9 de produits et un g\u00e2teau fra\u00eechement sorti du four<\/li>\n<li>Ustensiles de cuisine, vaisselle et couverts<\/li>\n<\/ul>\n<p>Les services suppl\u00e9mentaires suivants peuvent \u00eatre organis\u00e9s \u00e0 tout moment pendant votre s\u00e9jour :<\/p>\n<ul class=\"wp-block-list\">\n<li>Service de m\u00e9nage suppl\u00e9mentaire (sous r\u00e9serve de disponibilit\u00e9) \u2013 20 \u20ac de l\u2019heure<\/li>\n<li>Draps et serviettes suppl\u00e9mentaires \u2013 25 \u20ac par ensemble de lit<\/li>\n<\/ul>\n<h2 class=\"wp-block-heading\"><strong>Non inclus:<\/strong><\/h2>\n<ul class=\"wp-block-list\">\n<li>Rendez-vous au complexe depuis votre domicile<\/li>\n<li>Transferts<\/li>\n<li>Ecole de ski,<\/li>\n<li>Forfait de ski,<\/li>\n<li>Location de ski<\/li>\n<li>Garde d&#8217;enfants<\/li>\n<li>Assurance voyage (obligatoire &#8211; vous devrez nous confirmer que tous vos invit\u00e9s sont couverts par l&#8217;assurance annulation LORSQUE VOUS R\u00c9SERVEZ)<\/li>\n<li>Visa si n\u00e9cessaire<\/li>\n<li>Suppl\u00e9ments en option<\/li>\n<\/ul>\n","protected":false},"excerpt":{"rendered":"<p>Ce qui est inclus dans vos vacances au ski avec Chalet Chadons R\u00e9servations avec restauration Inclus dans le prix Occupation unique de la propri\u00e9t\u00e9 Petit-d\u00e9jeuner tous les jours Th\u00e9 de l&#8217;apr\u00e8s-midi avec un g\u00e2teau fra\u00eechement sorti du four tous les jours D\u00eener 4 services six soirs de la semaine \u00e0 Tignes et cinq soirs de&#8230;<\/p>\n","protected":false},"author":3,"featured_media":0,"parent":6751,"menu_order":0,"comment_status":"closed","ping_status":"closed","template":"","meta":{"_acf_changed":false,"om_disable_all_campaigns":false,"_monsterinsights_skip_tracking":false,"_monsterinsights_sitenote_active":false,"_monsterinsights_sitenote_note":"","_monsterinsights_sitenote_category":0,"_uf_show_specific_survey":0,"_uf_disable_surveys":false,"footnotes":""},"class_list":["post-6754","page","type-page","status-publish","hentry"],"acf":[],"yoast_head":"<!-- This site is optimized with the Yoast SEO plugin v26.7 - https:\/\/yoast.com\/wordpress\/plugins\/seo\/ -->\n<title>Ce qui est inclu | Chalet Chardons Summer<\/title>\n<meta name=\"robots\" content=\"index, follow, max-snippet:-1, max-image-preview:large, max-video-preview:-1\" \/>\n<link rel=\"canonical\" href=\"https:\/\/www.chaletchardons.com\/summer\/your-self-catered-holiday-in-tignes\/whats-included-in-you-ski-holiday-with-chalet-chardons\/\" \/>\n<meta property=\"og:locale\" content=\"en_US\" \/>\n<meta property=\"og:type\" content=\"article\" \/>\n<meta property=\"og:title\" content=\"Ce qui est inclu | Chalet Chardons Summer\" \/>\n<meta property=\"og:description\" content=\"Ce qui est inclus dans vos vacances au ski avec Chalet Chadons R\u00e9servations avec restauration Inclus dans le prix Occupation unique de la propri\u00e9t\u00e9 Petit-d\u00e9jeuner tous les jours Th\u00e9 de l&#8217;apr\u00e8s-midi avec un g\u00e2teau fra\u00eechement sorti du four tous les jours D\u00eener 4 services six soirs de la semaine \u00e0 Tignes et cinq soirs de...\" \/>\n<meta property=\"og:url\" content=\"https:\/\/www.chaletchardons.com\/summer\/your-self-catered-holiday-in-tignes\/whats-included-in-you-ski-holiday-with-chalet-chardons\/\" \/>\n<meta property=\"og:site_name\" content=\"Chalet Chardons Summer\" \/>\n<meta property=\"article:modified_time\" content=\"2021-10-13T08:20:48+00:00\" \/>\n<meta name=\"twitter:card\" content=\"summary_large_image\" \/>\n<meta name=\"twitter:label1\" content=\"Est. reading time\" \/>\n\t<meta name=\"twitter:data1\" content=\"2 minutes\" \/>\n<script type=\"application\/ld+json\" class=\"yoast-schema-graph\">{\"@context\":\"https:\/\/schema.org\",\"@graph\":[{\"@type\":\"WebPage\",\"@id\":\"https:\/\/www.chaletchardons.com\/summer\/your-self-catered-holiday-in-tignes\/whats-included-in-you-ski-holiday-with-chalet-chardons\/\",\"url\":\"https:\/\/www.chaletchardons.com\/summer\/your-self-catered-holiday-in-tignes\/whats-included-in-you-ski-holiday-with-chalet-chardons\/\",\"name\":\"Ce qui est inclu | Chalet Chardons Summer\",\"isPartOf\":{\"@id\":\"https:\/\/www.chaletchardons.com\/summer\/#website\"},\"datePublished\":\"2021-08-19T13:43:50+00:00\",\"dateModified\":\"2021-10-13T08:20:48+00:00\",\"breadcrumb\":{\"@id\":\"https:\/\/www.chaletchardons.com\/summer\/your-self-catered-holiday-in-tignes\/whats-included-in-you-ski-holiday-with-chalet-chardons\/#breadcrumb\"},\"inLanguage\":\"en-US\",\"potentialAction\":[{\"@type\":\"ReadAction\",\"target\":[\"https:\/\/www.chaletchardons.com\/summer\/your-self-catered-holiday-in-tignes\/whats-included-in-you-ski-holiday-with-chalet-chardons\/\"]}]},{\"@type\":\"BreadcrumbList\",\"@id\":\"https:\/\/www.chaletchardons.com\/summer\/your-self-catered-holiday-in-tignes\/whats-included-in-you-ski-holiday-with-chalet-chardons\/#breadcrumb\",\"itemListElement\":[{\"@type\":\"ListItem\",\"position\":1,\"name\":\"Home\",\"item\":\"https:\/\/www.chaletchardons.com\/summer\/\"},{\"@type\":\"ListItem\",\"position\":2,\"name\":\"Vos vacances \u00e0 Tignes\",\"item\":\"https:\/\/www.chaletchardons.com\/summer\/vos-vacances-a-tignes\/\"},{\"@type\":\"ListItem\",\"position\":3,\"name\":\"Ce qui est inclu\"}]},{\"@type\":\"WebSite\",\"@id\":\"https:\/\/www.chaletchardons.com\/summer\/#website\",\"url\":\"https:\/\/www.chaletchardons.com\/summer\/\",\"name\":\"Chalet Chardons Summer\",\"description\":\"\",\"publisher\":{\"@id\":\"https:\/\/www.chaletchardons.com\/summer\/#organization\"},\"potentialAction\":[{\"@type\":\"SearchAction\",\"target\":{\"@type\":\"EntryPoint\",\"urlTemplate\":\"https:\/\/www.chaletchardons.com\/summer\/?s={search_term_string}\"},\"query-input\":{\"@type\":\"PropertyValueSpecification\",\"valueRequired\":true,\"valueName\":\"search_term_string\"}}],\"inLanguage\":\"en-US\"},{\"@type\":\"Organization\",\"@id\":\"https:\/\/www.chaletchardons.com\/summer\/#organization\",\"name\":\"Chalet Chardons\",\"url\":\"https:\/\/www.chaletchardons.com\/summer\/\",\"logo\":{\"@type\":\"ImageObject\",\"inLanguage\":\"en-US\",\"@id\":\"https:\/\/www.chaletchardons.com\/summer\/#\/schema\/logo\/image\/\",\"url\":\"https:\/\/www.chaletchardons.com\/summer\/wp-content\/uploads\/sites\/2\/2015\/08\/logo_white_background.jpg\",\"contentUrl\":\"https:\/\/www.chaletchardons.com\/summer\/wp-content\/uploads\/sites\/2\/2015\/08\/logo_white_background.jpg\",\"width\":546,\"height\":313,\"caption\":\"Chalet Chardons\"},\"image\":{\"@id\":\"https:\/\/www.chaletchardons.com\/summer\/#\/schema\/logo\/image\/\"}}]}<\/script>\n<!-- \/ Yoast SEO plugin. -->","yoast_head_json":{"title":"Ce qui est inclu | Chalet Chardons Summer","robots":{"index":"index","follow":"follow","max-snippet":"max-snippet:-1","max-image-preview":"max-image-preview:large","max-video-preview":"max-video-preview:-1"},"canonical":"https:\/\/www.chaletchardons.com\/summer\/your-self-catered-holiday-in-tignes\/whats-included-in-you-ski-holiday-with-chalet-chardons\/","og_locale":"en_US","og_type":"article","og_title":"Ce qui est inclu | Chalet Chardons Summer","og_description":"Ce qui est inclus dans vos vacances au ski avec Chalet Chadons R\u00e9servations avec restauration Inclus dans le prix Occupation unique de la propri\u00e9t\u00e9 Petit-d\u00e9jeuner tous les jours Th\u00e9 de l&#8217;apr\u00e8s-midi avec un g\u00e2teau fra\u00eechement sorti du four tous les jours D\u00eener 4 services six soirs de la semaine \u00e0 Tignes et cinq soirs de...","og_url":"https:\/\/www.chaletchardons.com\/summer\/your-self-catered-holiday-in-tignes\/whats-included-in-you-ski-holiday-with-chalet-chardons\/","og_site_name":"Chalet Chardons Summer","article_modified_time":"2021-10-13T08:20:48+00:00","twitter_card":"summary_large_image","twitter_misc":{"Est. reading time":"2 minutes"},"schema":{"@context":"https:\/\/schema.org","@graph":[{"@type":"WebPage","@id":"https:\/\/www.chaletchardons.com\/summer\/your-self-catered-holiday-in-tignes\/whats-included-in-you-ski-holiday-with-chalet-chardons\/","url":"https:\/\/www.chaletchardons.com\/summer\/your-self-catered-holiday-in-tignes\/whats-included-in-you-ski-holiday-with-chalet-chardons\/","name":"Ce qui est inclu | Chalet Chardons Summer","isPartOf":{"@id":"https:\/\/www.chaletchardons.com\/summer\/#website"},"datePublished":"2021-08-19T13:43:50+00:00","dateModified":"2021-10-13T08:20:48+00:00","breadcrumb":{"@id":"https:\/\/www.chaletchardons.com\/summer\/your-self-catered-holiday-in-tignes\/whats-included-in-you-ski-holiday-with-chalet-chardons\/#breadcrumb"},"inLanguage":"en-US","potentialAction":[{"@type":"ReadAction","target":["https:\/\/www.chaletchardons.com\/summer\/your-self-catered-holiday-in-tignes\/whats-included-in-you-ski-holiday-with-chalet-chardons\/"]}]},{"@type":"BreadcrumbList","@id":"https:\/\/www.chaletchardons.com\/summer\/your-self-catered-holiday-in-tignes\/whats-included-in-you-ski-holiday-with-chalet-chardons\/#breadcrumb","itemListElement":[{"@type":"ListItem","position":1,"name":"Home","item":"https:\/\/www.chaletchardons.com\/summer\/"},{"@type":"ListItem","position":2,"name":"Vos vacances \u00e0 Tignes","item":"https:\/\/www.chaletchardons.com\/summer\/vos-vacances-a-tignes\/"},{"@type":"ListItem","position":3,"name":"Ce qui est inclu"}]},{"@type":"WebSite","@id":"https:\/\/www.chaletchardons.com\/summer\/#website","url":"https:\/\/www.chaletchardons.com\/summer\/","name":"Chalet Chardons Summer","description":"","publisher":{"@id":"https:\/\/www.chaletchardons.com\/summer\/#organization"},"potentialAction":[{"@type":"SearchAction","target":{"@type":"EntryPoint","urlTemplate":"https:\/\/www.chaletchardons.com\/summer\/?s={search_term_string}"},"query-input":{"@type":"PropertyValueSpecification","valueRequired":true,"valueName":"search_term_string"}}],"inLanguage":"en-US"},{"@type":"Organization","@id":"https:\/\/www.chaletchardons.com\/summer\/#organization","name":"Chalet Chardons","url":"https:\/\/www.chaletchardons.com\/summer\/","logo":{"@type":"ImageObject","inLanguage":"en-US","@id":"https:\/\/www.chaletchardons.com\/summer\/#\/schema\/logo\/image\/","url":"https:\/\/www.chaletchardons.com\/summer\/wp-content\/uploads\/sites\/2\/2015\/08\/logo_white_background.jpg","contentUrl":"https:\/\/www.chaletchardons.com\/summer\/wp-content\/uploads\/sites\/2\/2015\/08\/logo_white_background.jpg","width":546,"height":313,"caption":"Chalet Chardons"},"image":{"@id":"https:\/\/www.chaletchardons.com\/summer\/#\/schema\/logo\/image\/"}}]}},"_links":{"self":[{"href":"https:\/\/www.chaletchardons.com\/summer\/wp-json\/wp\/v2\/pages\/6754","targetHints":{"allow":["GET"]}}],"collection":[{"href":"https:\/\/www.chaletchardons.com\/summer\/wp-json\/wp\/v2\/pages"}],"about":[{"href":"https:\/\/www.chaletchardons.com\/summer\/wp-json\/wp\/v2\/types\/page"}],"author":[{"embeddable":true,"href":"https:\/\/www.chaletchardons.com\/summer\/wp-json\/wp\/v2\/users\/3"}],"replies":[{"embeddable":true,"href":"https:\/\/www.chaletchardons.com\/summer\/wp-json\/wp\/v2\/comments?post=6754"}],"version-history":[{"count":0,"href":"https:\/\/www.chaletchardons.com\/summer\/wp-json\/wp\/v2\/pages\/6754\/revisions"}],"up":[{"embeddable":true,"href":"https:\/\/www.chaletchardons.com\/summer\/wp-json\/wp\/v2\/pages\/6751"}],"wp:attachment":[{"href":"https:\/\/www.chaletchardons.com\/summer\/wp-json\/wp\/v2\/media?parent=6754"}],"curies":[{"name":"wp","href":"https:\/\/api.w.org\/{rel}","templated":true}]}}